{"id":311,"date":"2016-03-07T11:00:18","date_gmt":"2016-03-07T11:00:18","guid":{"rendered":"https:\/\/8degreethemes.com\/demo\/eightlaw-lite\/?page_id=311"},"modified":"2019-08-24T11:56:17","modified_gmt":"2019-08-24T09:56:17","slug":"kancelaria","status":"publish","type":"page","link":"http:\/\/adwokatslodzinski.pl\/index.php\/kancelaria\/","title":{"rendered":"Kancelaria"},"content":{"rendered":"\n<p>\nJako adwokat,  staram si\u0119 znale\u017a\u0107 jak najlepsze dla klienta\nrozwi\u0105zanie w ka\u017cdej sprawie. \n<\/p>\n\n\n\n<p>\nW interesie klienta spraw\u0119 prowadz\u0119 jak najbardziej skutecznie i w\njak najkr\u00f3tszym terminie.. Wierz\u0119, \u017ce zaw\u00f3d adwokata polega nie\ntylko na znajomo\u015bci przepis\u00f3w prawa i ich stosowaniu, ale r\u00f3wnie\u017c\nna \u017cyczliwym podej\u015bciu do os\u00f3b odwiedzaj\u0105cych Kancelari\u0119.<\/p>\n","protected":false},"excerpt":{"rendered":"<p>Jako adwokat, staram si\u0119 znale\u017a\u0107 jak najlepsze dla klienta rozwi\u0105zanie w ka\u017cdej sprawie. W interesie klienta spraw\u0119 prowadz\u0119 jak najbardziej skutecznie i w jak najkr\u00f3tszym terminie.. Wierz\u0119, \u017ce zaw\u00f3d adwokata polega nie tylko na znajomo\u015bci przepis\u00f3w prawa i ich stosowaniu, ale r\u00f3wnie\u017c na \u017cyczliwym podej\u015bciu do os\u00f3b odwiedzaj\u0105cych Kancelari\u0119.<\/p>\n","protected":false},"author":1,"featured_media":0,"parent":0,"menu_order":0,"comment_status":"closed","ping_status":"closed","template":"","meta":{"footnotes":""},"class_list":["post-311","page","type-page","status-publish","hentry"],"_links":{"self":[{"href":"http:\/\/adwokatslodzinski.pl\/index.php\/wp-json\/wp\/v2\/pages\/311"}],"collection":[{"href":"http:\/\/adwokatslodzinski.pl\/index.php\/wp-json\/wp\/v2\/pages"}],"about":[{"href":"http:\/\/adwokatslodzinski.pl\/index.php\/wp-json\/wp\/v2\/types\/page"}],"author":[{"embeddable":true,"href":"http:\/\/adwokatslodzinski.pl\/index.php\/wp-json\/wp\/v2\/users\/1"}],"replies":[{"embeddable":true,"href":"http:\/\/adwokatslodzinski.pl\/index.php\/wp-json\/wp\/v2\/comments?post=311"}],"version-history":[{"count":1,"href":"http:\/\/adwokatslodzinski.pl\/index.php\/wp-json\/wp\/v2\/pages\/311\/revisions"}],"predecessor-version":[{"id":776,"href":"http:\/\/adwokatslodzinski.pl\/index.php\/wp-json\/wp\/v2\/pages\/311\/revisions\/776"}],"wp:attachment":[{"href":"http:\/\/adwokatslodzinski.pl\/index.php\/wp-json\/wp\/v2\/media?parent=311"}],"curies":[{"name":"wp","href":"https:\/\/api.w.org\/{rel}","templated":true}]}}