{"id":796,"date":"2021-03-17T22:36:24","date_gmt":"2021-03-17T21:36:24","guid":{"rendered":"http:\/\/adwokatslodzinski.pl\/?page_id=796"},"modified":"2024-04-20T01:04:41","modified_gmt":"2024-04-19T23:04:41","slug":"uslugi-on-line","status":"publish","type":"page","link":"http:\/\/adwokatslodzinski.pl\/index.php\/uslugi-on-line\/","title":{"rendered":"Us\u0142ugi on-line"},"content":{"rendered":"\n<p>Wychodz\u0105c\nnaprzeciw spo\u0142ecznym zmianom w czasie pandemii COVID-19 a,\nKancelaria stworzy\u0142a mo\u017cliwo\u015b\u0107 uzyskiwania porad prawnych\non-line, bez wychodzenia z domu i konieczno\u015bci umawiania si\u0119 na\nspotkanie w Kancelarii.<\/p>\n\n\n\n<p>Uzyskanie\nporady prawnej mo\u017cliwe b\u0119dzie na kilka sposob\u00f3w.<\/p>\n\n\n\n<p>Przede\nwszystkim prosz\u0119 o kontakt telefoniczny na numer <strong>668&nbsp;338&nbsp;696.\n <\/strong>Ustalimy\nwsp\u00f3lnie termin porady.<\/p>\n\n\n\n<p>Nast\u0119pnie\nmaj\u0105 Pa\u0144stwo wyb\u00f3r. Mog\u0105 Pa\u0144stwo skorzysta\u0107 z jednego z\nkomunikator\u00f3w internetowych tj. \n<\/p>\n\n\n\n<p>&#8211;\nMicrosoft Teams<\/p>\n\n\n\n<p>&#8211;\nSkype<\/p>\n\n\n\n<p>&#8211;\nDiscord<\/p>\n\n\n\n<p>b\u0105d\u017a\nkontynuowa\u0107 kontakt telefoniczny.<\/p>\n\n\n\n<p>W\ncelu zapoznania si\u0119 z dokumentacj\u0105 sprawy konieczne b\u0119dzie\nwys\u0142anie wiadomo\u015bci ze zdj\u0119ciami b\u0105d\u017a skanami dokument\u00f3w. \n<\/p>\n\n\n\n<p><strong>Uwaga!<\/strong>\nKorzystaj\u0105cy z porady odpowiedzialny jest za przekazanie w\u0142a\u015bciwych\ninformacji. Porada prawna b\u0119dzie udzielona dok\u0142adnie w zakresie\nstanu faktycznego przedstawionego telefonicznie oraz na podstawie\ndokumentacji zawartej w wiadomo\u015bci e-mail. \n<\/p>\n\n\n\n<p>Istotne\ns\u0105 wszystkie szczeg\u00f3\u0142y sprawy.<\/p>\n\n\n\n<p>Do wiadomo\u015bci konieczne b\u0119dzie za\u0142\u0105czenie potwierdzenia dokonania przelewu wynagrodzenia za porad\u0119 prawn\u0105. Koszt porady prawnej to kwota <strong>250,00 z\u0142 (brutto).<\/strong><\/p>\n\n\n\n<p><strong>Uwaga!<\/strong>\nJedno zagadnienie prawne r\u00f3wna si\u0119 jednej poradzie. Je\u017celi\nwiadomo\u015b\u0107 od Pa\u0144stwa b\u0119dzie zawiera\u0142a szereg zagadnie\u0144, pyta\u0144\ni w\u0105tpliwo\u015bci, w\u00f3wczas koszt konsultacji prawnej b\u0119dzie\nodpowiednio wy\u017cszy.<\/p>\n\n\n\n<p>Numer\nrachunku bankowego do przelewu to: <strong>Alior\nBank S.A. 52 2490 0005 0000 4530 4360 2101<\/strong><\/p>\n\n\n\n<p>W\ntytule przelewu prosz\u0119 o imi\u0119, nazwisko i dopisek &#8222;porada\nprawna online&#8221;.<\/p>\n","protected":false},"excerpt":{"rendered":"<p>Wychodz\u0105c naprzeciw spo\u0142ecznym zmianom w czasie pandemii COVID-19 a, Kancelaria stworzy\u0142a mo\u017cliwo\u015b\u0107 uzyskiwania porad prawnych on-line, bez wychodzenia z domu i konieczno\u015bci umawiania si\u0119 na spotkanie w Kancelarii. Uzyskanie porady prawnej mo\u017cliwe b\u0119dzie na kilka sposob\u00f3w. Przede wszystkim prosz\u0119 o kontakt telefoniczny na numer 668&nbsp;338&nbsp;696. Ustalimy wsp\u00f3lnie termin porady. Nast\u0119pnie maj\u0105 Pa\u0144stwo wyb\u00f3r. Mog\u0105 Pa\u0144stwo [&hellip;]<\/p>\n","protected":false},"author":1,"featured_media":0,"parent":0,"menu_order":0,"comment_status":"closed","ping_status":"open","template":"","meta":{"footnotes":""},"class_list":["post-796","page","type-page","status-publish","hentry"],"_links":{"self":[{"href":"http:\/\/adwokatslodzinski.pl\/index.php\/wp-json\/wp\/v2\/pages\/796"}],"collection":[{"href":"http:\/\/adwokatslodzinski.pl\/index.php\/wp-json\/wp\/v2\/pages"}],"about":[{"href":"http:\/\/adwokatslodzinski.pl\/index.php\/wp-json\/wp\/v2\/types\/page"}],"author":[{"embeddable":true,"href":"http:\/\/adwokatslodzinski.pl\/index.php\/wp-json\/wp\/v2\/users\/1"}],"replies":[{"embeddable":true,"href":"http:\/\/adwokatslodzinski.pl\/index.php\/wp-json\/wp\/v2\/comments?post=796"}],"version-history":[{"count":2,"href":"http:\/\/adwokatslodzinski.pl\/index.php\/wp-json\/wp\/v2\/pages\/796\/revisions"}],"predecessor-version":[{"id":809,"href":"http:\/\/adwokatslodzinski.pl\/index.php\/wp-json\/wp\/v2\/pages\/796\/revisions\/809"}],"wp:attachment":[{"href":"http:\/\/adwokatslodzinski.pl\/index.php\/wp-json\/wp\/v2\/media?parent=796"}],"curies":[{"name":"wp","href":"https:\/\/api.w.org\/{rel}","templated":true}]}}